{"id":8,"date":"2019-04-21T09:00:08","date_gmt":"2019-04-21T09:00:08","guid":{"rendered":"http:\/\/www.vocsbox.ch\/wordpress\/?page_id=8"},"modified":"2019-05-17T18:02:28","modified_gmt":"2019-05-17T18:02:28","slug":"sponsoring","status":"publish","type":"page","link":"https:\/\/www.vocsbox.ch\/index.php\/sponsoring\/","title":{"rendered":"Sponsoring"},"content":{"rendered":"\n<p>Wir sind f\u00fcr unsere regelm\u00e4ssigen Konzerte immer wieder auf die Unterst\u00fctzung von Beh\u00f6rden, Stiftungen, Firmen oder auch Privaten angewiesen. An dieser Stelle schon mal ein grosses Dankesch\u00f6n, dass sie sich eine solche Unterst\u00fctzung \u00fcberlegen.<\/p>\n\n\n\n<p>Je nach H\u00f6he des Betrags bietet der Chor Vocs Box nachfolgende Gegenleistungen an.<\/p>\n\n\n\n<table class=\"wp-block-table is-style-stripes\"><thead><tr><th>Art<\/th><th>Betrag<\/th><th>Beschreibung<\/th><\/tr><\/thead><tbody><tr><td>Spenden<\/td><td>Fr. 5.- bis 99.-<\/td><td>vielen Dank!<\/td><\/tr><tr><td>G\u00f6nner<\/td><td>Fr. 100.- bis 499.-<\/td><td>Eintrag der jeweiligen Firma\/Person als G\u00f6nner im Programmheft<\/td><\/tr><tr><td>Sponsoren<\/td><td>Fr. 500.- bis 999.-<\/td><td>Eintrag der jeweiligen Firma\/Person als Sponsor im Programmheft<br>M\u00f6glichkeit f\u00fcr ein Inserat im Programmheft<\/td><\/tr><tr><td>Hauptsponsor<\/td><td>ab Fr. 1000.-<br>auch als Defizitgarantie m\u00f6glich<\/td><td>Eintrag der jeweiligen Firma\/Person als Hauptsponsor im Programmheft<br>Logo auf Flyer und\/oder Plakat<\/td><\/tr><tr><td>Notensponsor<\/td><td>variabel, je nach St\u00fcck<\/td><td>Eintrag im Programmheft<\/td><\/tr><\/tbody><\/table>\n\n\n\n<p>Bei Fragen oder Interesse wenden Sie sich doch bitte direkt an uns:&nbsp;<a href=\"mailto:info@vocsbox.ch\">info@vocsbox.ch<\/a><\/p>\n\n\n\n<p><b>Unser Konto<\/b>: CH41 8080 8005 8369 7213 5, Vocs Box 7320 Sargans<\/p>\n","protected":false},"excerpt":{"rendered":"<p>Wir sind f\u00fcr unsere regelm\u00e4ssigen Konzerte immer wieder auf die Unterst\u00fctzung von Beh\u00f6rden, Stiftungen, Firmen oder auch Privaten angewiesen. An dieser Stelle schon mal ein grosses Dankesch\u00f6n, dass sie sich eine solche Unterst\u00fctzung \u00fcberlegen. Je nach H\u00f6he des Betrags bietet der Chor Vocs Box nachfolgende Gegenleistungen an. Art Betrag Beschreibung Spenden Fr. 5.- bis 99.- &hellip; <a href=\"https:\/\/www.vocsbox.ch\/index.php\/sponsoring\/\" class=\"more-link\"><span class=\"screen-reader-text\">&#8220;Sponsoring&#8221; <\/span>weiterlesen<\/a><\/p>\n","protected":false},"author":1,"featured_media":0,"parent":0,"menu_order":0,"comment_status":"closed","ping_status":"open","template":"","meta":{"footnotes":""},"class_list":["post-8","page","type-page","status-publish","hentry"],"_links":{"self":[{"href":"https:\/\/www.vocsbox.ch\/index.php\/wp-json\/wp\/v2\/pages\/8","targetHints":{"allow":["GET"]}}],"collection":[{"href":"https:\/\/www.vocsbox.ch\/index.php\/wp-json\/wp\/v2\/pages"}],"about":[{"href":"https:\/\/www.vocsbox.ch\/index.php\/wp-json\/wp\/v2\/types\/page"}],"author":[{"embeddable":true,"href":"https:\/\/www.vocsbox.ch\/index.php\/wp-json\/wp\/v2\/users\/1"}],"replies":[{"embeddable":true,"href":"https:\/\/www.vocsbox.ch\/index.php\/wp-json\/wp\/v2\/comments?post=8"}],"version-history":[{"count":5,"href":"https:\/\/www.vocsbox.ch\/index.php\/wp-json\/wp\/v2\/pages\/8\/revisions"}],"predecessor-version":[{"id":270,"href":"https:\/\/www.vocsbox.ch\/index.php\/wp-json\/wp\/v2\/pages\/8\/revisions\/270"}],"wp:attachment":[{"href":"https:\/\/www.vocsbox.ch\/index.php\/wp-json\/wp\/v2\/media?parent=8"}],"curies":[{"name":"wp","href":"https:\/\/api.w.org\/{rel}","templated":true}]}}