{"id":58,"date":"2019-04-25T18:52:47","date_gmt":"2019-04-25T18:52:47","guid":{"rendered":"http:\/\/www.vocsbox.ch\/wordpress\/?page_id=58"},"modified":"2019-04-25T20:06:56","modified_gmt":"2019-04-25T20:06:56","slug":"auftritte","status":"publish","type":"page","link":"https:\/\/www.vocsbox.ch\/index.php\/auftritte\/","title":{"rendered":"Auftritte"},"content":{"rendered":"\n<p>Wir planen alle 1.5 &#8211; 2 Jahre ein gr\u00f6sseres Jahreskonzert. Dazwischen erfreuen wir uns an kleineren Auftritten an verschiedenen Anl\u00e4ssen.<\/p>\n\n\n\n<p>Die folgende \u00dcbersicht zeigt die vergangenen Konzerte von Vocs Box:<\/p>\n\n\n<div class=\"pt-cv-wrapper\"><div class=\"pt-cv-view pt-cv-grid pt-cv-colsys\" id=\"pt-cv-view-b7bdbd5grt\"><div data-id=\"pt-cv-page-1\" class=\"pt-cv-page\" data-cvc=\"3\"><div class=\"col-md-4 col-sm-6 col-xs-12 pt-cv-content-item pt-cv-1-col\" ><div class='pt-cv-ifield'><a href=\"https:\/\/www.vocsbox.ch\/index.php\/2025\/05\/28\/emotions\/\" class=\"_self pt-cv-href-thumbnail pt-cv-thumb-default\" target=\"_self\" ><img loading=\"lazy\" decoding=\"async\" width=\"212\" height=\"300\" src=\"https:\/\/www.vocsbox.ch\/wp-content\/uploads\/2025\/07\/Plakat_Emotions_Webversion-212x300.jpg\" class=\"pt-cv-thumbnail\" alt=\"\" srcset=\"https:\/\/www.vocsbox.ch\/wp-content\/uploads\/2025\/07\/Plakat_Emotions_Webversion-212x300.jpg 212w, https:\/\/www.vocsbox.ch\/wp-content\/uploads\/2025\/07\/Plakat_Emotions_Webversion-722x1024.jpg 722w, https:\/\/www.vocsbox.ch\/wp-content\/uploads\/2025\/07\/Plakat_Emotions_Webversion-768x1089.jpg 768w, https:\/\/www.vocsbox.ch\/wp-content\/uploads\/2025\/07\/Plakat_Emotions_Webversion-1084x1536.jpg 1084w, https:\/\/www.vocsbox.ch\/wp-content\/uploads\/2025\/07\/Plakat_Emotions_Webversion-1445x2048.jpg 1445w, https:\/\/www.vocsbox.ch\/wp-content\/uploads\/2025\/07\/Plakat_Emotions_Webversion-1200x1701.jpg 1200w, https:\/\/www.vocsbox.ch\/wp-content\/uploads\/2025\/07\/Plakat_Emotions_Webversion.jpg 1682w\" sizes=\"auto, (max-width: 212px) 85vw, 212px\" \/><\/a>\n<h3 class=\"pt-cv-title\"><a href=\"https:\/\/www.vocsbox.ch\/index.php\/2025\/05\/28\/emotions\/\" class=\"_self\" target=\"_self\" >Emotions<\/a><\/h3>\n<div class=\"pt-cv-meta-fields\"><span class=\"entry-date\"> <time datetime=\"2025-05-28T06:14:11+02:00\">28.05.2025<\/time><\/span><span> \/ <\/span><span class=\"comments-link\"> <a href=\"https:\/\/www.vocsbox.ch\/index.php\/2025\/05\/28\/emotions\/#respond\">Keine Kommentare<span class=\"screen-reader-text\"> zu Emotions<\/span><\/a><\/span><\/div><\/div><\/div>\n<div class=\"col-md-4 col-sm-6 col-xs-12 pt-cv-content-item pt-cv-1-col\" ><div class='pt-cv-ifield'><a href=\"https:\/\/www.vocsbox.ch\/index.php\/2024\/03\/16\/true-colors\/\" class=\"_self pt-cv-href-thumbnail pt-cv-thumb-default\" target=\"_self\" ><img loading=\"lazy\" decoding=\"async\" width=\"194\" height=\"300\" src=\"https:\/\/www.vocsbox.ch\/wp-content\/uploads\/2024\/01\/7fb30f8d-4f10-4e6f-9a9c-6110e792a40d-194x300.jpeg\" class=\"pt-cv-thumbnail\" alt=\"\" srcset=\"https:\/\/www.vocsbox.ch\/wp-content\/uploads\/2024\/01\/7fb30f8d-4f10-4e6f-9a9c-6110e792a40d-194x300.jpeg 194w, https:\/\/www.vocsbox.ch\/wp-content\/uploads\/2024\/01\/7fb30f8d-4f10-4e6f-9a9c-6110e792a40d-662x1024.jpeg 662w, https:\/\/www.vocsbox.ch\/wp-content\/uploads\/2024\/01\/7fb30f8d-4f10-4e6f-9a9c-6110e792a40d-768x1187.jpeg 768w, https:\/\/www.vocsbox.ch\/wp-content\/uploads\/2024\/01\/7fb30f8d-4f10-4e6f-9a9c-6110e792a40d-994x1536.jpeg 994w, https:\/\/www.vocsbox.ch\/wp-content\/uploads\/2024\/01\/7fb30f8d-4f10-4e6f-9a9c-6110e792a40d.jpeg 1035w\" sizes=\"auto, (max-width: 194px) 85vw, 194px\" \/><\/a>\n<h3 class=\"pt-cv-title\"><a href=\"https:\/\/www.vocsbox.ch\/index.php\/2024\/03\/16\/true-colors\/\" class=\"_self\" target=\"_self\" >True Colors<\/a><\/h3>\n<div class=\"pt-cv-meta-fields\"><span class=\"entry-date\"> <time datetime=\"2024-03-16T16:33:00+01:00\">16.03.2024<\/time><\/span><\/div><\/div><\/div>\n<div class=\"col-md-4 col-sm-6 col-xs-12 pt-cv-content-item pt-cv-1-col\" ><div class='pt-cv-ifield'><a href=\"https:\/\/www.vocsbox.ch\/index.php\/2018\/09\/22\/nr-1-hits\/\" class=\"_self pt-cv-href-thumbnail pt-cv-thumb-default\" target=\"_self\" ><img loading=\"lazy\" decoding=\"async\" width=\"213\" height=\"300\" src=\"https:\/\/www.vocsbox.ch\/wp-content\/uploads\/2013\/03\/Flyer-VocsBox-2018-213x300.jpg\" class=\"pt-cv-thumbnail\" alt=\"\" srcset=\"https:\/\/www.vocsbox.ch\/wp-content\/uploads\/2013\/03\/Flyer-VocsBox-2018-213x300.jpg 213w, https:\/\/www.vocsbox.ch\/wp-content\/uploads\/2013\/03\/Flyer-VocsBox-2018-768x1080.jpg 768w, https:\/\/www.vocsbox.ch\/wp-content\/uploads\/2013\/03\/Flyer-VocsBox-2018-728x1024.jpg 728w, https:\/\/www.vocsbox.ch\/wp-content\/uploads\/2013\/03\/Flyer-VocsBox-2018-1200x1687.jpg 1200w, https:\/\/www.vocsbox.ch\/wp-content\/uploads\/2013\/03\/Flyer-VocsBox-2018.jpg 1247w\" sizes=\"auto, (max-width: 213px) 85vw, 213px\" \/><\/a>\n<h3 class=\"pt-cv-title\"><a href=\"https:\/\/www.vocsbox.ch\/index.php\/2018\/09\/22\/nr-1-hits\/\" class=\"_self\" target=\"_self\" >Nr. 1 Hits<\/a><\/h3>\n<div class=\"pt-cv-meta-fields\"><span class=\"entry-date\"> <time datetime=\"2018-09-22T19:54:36+02:00\">22.09.2018<\/time><\/span><\/div><\/div><\/div>\n<div class=\"col-md-4 col-sm-6 col-xs-12 pt-cv-content-item pt-cv-1-col\" ><div class='pt-cv-ifield'><a href=\"https:\/\/www.vocsbox.ch\/index.php\/2016\/10\/29\/10-jahre-vocs-box\/\" class=\"_self pt-cv-href-thumbnail pt-cv-thumb-default\" target=\"_self\" ><img loading=\"lazy\" decoding=\"async\" width=\"213\" height=\"300\" src=\"https:\/\/www.vocsbox.ch\/wp-content\/uploads\/2019\/04\/10_Jahre_VocsBox-213x300.jpeg\" class=\"pt-cv-thumbnail\" alt=\"\" srcset=\"https:\/\/www.vocsbox.ch\/wp-content\/uploads\/2019\/04\/10_Jahre_VocsBox-213x300.jpeg 213w, https:\/\/www.vocsbox.ch\/wp-content\/uploads\/2019\/04\/10_Jahre_VocsBox.jpeg 455w\" sizes=\"auto, (max-width: 213px) 85vw, 213px\" \/><\/a>\n<h3 class=\"pt-cv-title\"><a href=\"https:\/\/www.vocsbox.ch\/index.php\/2016\/10\/29\/10-jahre-vocs-box\/\" class=\"_self\" target=\"_self\" >10 Jahre Vocs Box<\/a><\/h3>\n<div class=\"pt-cv-meta-fields\"><span class=\"entry-date\"> <time datetime=\"2016-10-29T19:51:14+02:00\">29.10.2016<\/time><\/span><\/div><\/div><\/div>\n<div class=\"col-md-4 col-sm-6 col-xs-12 pt-cv-content-item pt-cv-1-col\" ><div class='pt-cv-ifield'><a href=\"https:\/\/www.vocsbox.ch\/index.php\/2014\/11\/08\/cinema-in-concert\/\" class=\"_self pt-cv-href-thumbnail pt-cv-thumb-default\" target=\"_self\" ><img loading=\"lazy\" decoding=\"async\" width=\"214\" height=\"300\" src=\"https:\/\/www.vocsbox.ch\/wp-content\/uploads\/2014\/11\/Cinema-in-concert-Vocsbox-Flyer-214x300.jpg\" class=\"pt-cv-thumbnail\" alt=\"\" srcset=\"https:\/\/www.vocsbox.ch\/wp-content\/uploads\/2014\/11\/Cinema-in-concert-Vocsbox-Flyer-214x300.jpg 214w, https:\/\/www.vocsbox.ch\/wp-content\/uploads\/2014\/11\/Cinema-in-concert-Vocsbox-Flyer-768x1076.jpg 768w, https:\/\/www.vocsbox.ch\/wp-content\/uploads\/2014\/11\/Cinema-in-concert-Vocsbox-Flyer-731x1024.jpg 731w, https:\/\/www.vocsbox.ch\/wp-content\/uploads\/2014\/11\/Cinema-in-concert-Vocsbox-Flyer.jpg 910w\" sizes=\"auto, (max-width: 214px) 85vw, 214px\" \/><\/a>\n<h3 class=\"pt-cv-title\"><a href=\"https:\/\/www.vocsbox.ch\/index.php\/2014\/11\/08\/cinema-in-concert\/\" class=\"_self\" target=\"_self\" >Cinema in Concert<\/a><\/h3>\n<div class=\"pt-cv-meta-fields\"><span class=\"entry-date\"> <time datetime=\"2014-11-08T19:43:51+01:00\">08.11.2014<\/time><\/span><\/div><\/div><\/div>\n<div class=\"col-md-4 col-sm-6 col-xs-12 pt-cv-content-item pt-cv-1-col\" ><div class='pt-cv-ifield'><a href=\"https:\/\/www.vocsbox.ch\/index.php\/2013\/03\/25\/let-me-entertain-you-2\/\" class=\"_self pt-cv-href-thumbnail pt-cv-thumb-default\" target=\"_self\" ><img loading=\"lazy\" decoding=\"async\" width=\"214\" height=\"300\" src=\"https:\/\/www.vocsbox.ch\/wp-content\/uploads\/2013\/03\/letmeentertainyou-214x300.jpg\" class=\"pt-cv-thumbnail\" alt=\"\" srcset=\"https:\/\/www.vocsbox.ch\/wp-content\/uploads\/2013\/03\/letmeentertainyou-214x300.jpg 214w, https:\/\/www.vocsbox.ch\/wp-content\/uploads\/2013\/03\/letmeentertainyou-768x1078.jpg 768w, https:\/\/www.vocsbox.ch\/wp-content\/uploads\/2013\/03\/letmeentertainyou-730x1024.jpg 730w, https:\/\/www.vocsbox.ch\/wp-content\/uploads\/2013\/03\/letmeentertainyou.jpg 1140w\" sizes=\"auto, (max-width: 214px) 85vw, 214px\" \/><\/a>\n<h3 class=\"pt-cv-title\"><a href=\"https:\/\/www.vocsbox.ch\/index.php\/2013\/03\/25\/let-me-entertain-you-2\/\" class=\"_self\" target=\"_self\" >Let me entertain you!<\/a><\/h3>\n<div class=\"pt-cv-meta-fields\"><span class=\"entry-date\"> <time datetime=\"2013-03-25T19:39:53+01:00\">25.03.2013<\/time><\/span><\/div><\/div><\/div>\n<div class=\"col-md-4 col-sm-6 col-xs-12 pt-cv-content-item pt-cv-1-col\" ><div class='pt-cv-ifield'><a href=\"https:\/\/www.vocsbox.ch\/index.php\/2011\/11\/29\/shining-night-2\/\" class=\"_self pt-cv-href-thumbnail pt-cv-thumb-default\" target=\"_self\" ><img loading=\"lazy\" decoding=\"async\" width=\"212\" height=\"300\" src=\"https:\/\/www.vocsbox.ch\/wp-content\/uploads\/2011\/11\/Flyer_Shining_Night-212x300.jpg\" class=\"pt-cv-thumbnail\" alt=\"\" srcset=\"https:\/\/www.vocsbox.ch\/wp-content\/uploads\/2011\/11\/Flyer_Shining_Night-212x300.jpg 212w, https:\/\/www.vocsbox.ch\/wp-content\/uploads\/2011\/11\/Flyer_Shining_Night.jpg 353w\" sizes=\"auto, (max-width: 212px) 85vw, 212px\" \/><\/a>\n<h3 class=\"pt-cv-title\"><a href=\"https:\/\/www.vocsbox.ch\/index.php\/2011\/11\/29\/shining-night-2\/\" class=\"_self\" target=\"_self\" >Shining Night<\/a><\/h3>\n<div class=\"pt-cv-meta-fields\"><span class=\"entry-date\"> <time datetime=\"2011-11-29T19:38:26+01:00\">29.11.2011<\/time><\/span><\/div><\/div><\/div>\n<div class=\"col-md-4 col-sm-6 col-xs-12 pt-cv-content-item pt-cv-1-col\" ><div class='pt-cv-ifield'><a href=\"https:\/\/www.vocsbox.ch\/index.php\/2008\/11\/27\/hochzeit-von-kana\/\" class=\"_self pt-cv-href-thumbnail pt-cv-thumb-default\" target=\"_self\" ><img loading=\"lazy\" decoding=\"async\" width=\"243\" height=\"300\" src=\"https:\/\/www.vocsbox.ch\/wp-content\/uploads\/2019\/04\/titel-243x300.jpg\" class=\"pt-cv-thumbnail\" alt=\"\" srcset=\"https:\/\/www.vocsbox.ch\/wp-content\/uploads\/2019\/04\/titel-243x300.jpg 243w, https:\/\/www.vocsbox.ch\/wp-content\/uploads\/2019\/04\/titel.jpg 400w\" sizes=\"auto, (max-width: 243px) 85vw, 243px\" \/><\/a>\n<h3 class=\"pt-cv-title\"><a href=\"https:\/\/www.vocsbox.ch\/index.php\/2008\/11\/27\/hochzeit-von-kana\/\" class=\"_self\" target=\"_self\" >Hochzeit von Kana<\/a><\/h3>\n<div class=\"pt-cv-meta-fields\"><span class=\"entry-date\"> <time datetime=\"2008-11-27T19:32:55+01:00\">27.11.2008<\/time><\/span><\/div><\/div><\/div>\n<div class=\"col-md-4 col-sm-6 col-xs-12 pt-cv-content-item pt-cv-1-col\" ><div class='pt-cv-ifield'><a href=\"https:\/\/www.vocsbox.ch\/index.php\/2008\/04\/19\/liederkiste\/\" class=\"_self pt-cv-href-thumbnail pt-cv-thumb-default\" target=\"_self\" ><img loading=\"lazy\" decoding=\"async\" width=\"300\" height=\"212\" src=\"https:\/\/www.vocsbox.ch\/wp-content\/uploads\/2008\/04\/liederkiste-300x212.jpg\" class=\"pt-cv-thumbnail\" alt=\"\" srcset=\"https:\/\/www.vocsbox.ch\/wp-content\/uploads\/2008\/04\/liederkiste-300x212.jpg 300w, https:\/\/www.vocsbox.ch\/wp-content\/uploads\/2008\/04\/liederkiste-768x543.jpg 768w, https:\/\/www.vocsbox.ch\/wp-content\/uploads\/2008\/04\/liederkiste-1024x724.jpg 1024w, https:\/\/www.vocsbox.ch\/wp-content\/uploads\/2008\/04\/liederkiste-1200x849.jpg 1200w, https:\/\/www.vocsbox.ch\/wp-content\/uploads\/2008\/04\/liederkiste.jpg 1752w\" sizes=\"auto, (max-width: 300px) 85vw, 300px\" \/><\/a>\n<h3 class=\"pt-cv-title\"><a href=\"https:\/\/www.vocsbox.ch\/index.php\/2008\/04\/19\/liederkiste\/\" class=\"_self\" target=\"_self\" >Liederkiste<\/a><\/h3>\n<div class=\"pt-cv-meta-fields\"><span class=\"entry-date\"> <time datetime=\"2008-04-19T19:35:24+02:00\">19.04.2008<\/time><\/span><\/div><\/div><\/div>\n<div class=\"col-md-4 col-sm-6 col-xs-12 pt-cv-content-item pt-cv-1-col\" ><div class='pt-cv-ifield'><a href=\"https:\/\/www.vocsbox.ch\/index.php\/2007\/03\/04\/konzerte-2007\/\" class=\"_self pt-cv-href-thumbnail pt-cv-thumb-default\" target=\"_self\" ><\/a>\n<h3 class=\"pt-cv-title\"><a href=\"https:\/\/www.vocsbox.ch\/index.php\/2007\/03\/04\/konzerte-2007\/\" class=\"_self\" target=\"_self\" >Konzerte 2007<\/a><\/h3>\n<div class=\"pt-cv-meta-fields\"><span class=\"entry-date\"> <time datetime=\"2007-03-04T19:32:02+01:00\">04.03.2007<\/time><\/span><\/div><\/div><\/div>\n<div class=\"col-md-4 col-sm-6 col-xs-12 pt-cv-content-item pt-cv-1-col\" ><div class='pt-cv-ifield'><a href=\"https:\/\/www.vocsbox.ch\/index.php\/2006\/12\/15\/weihnachtsoratorium\/\" class=\"_self pt-cv-href-thumbnail pt-cv-thumb-default\" target=\"_self\" ><img loading=\"lazy\" decoding=\"async\" width=\"212\" height=\"300\" src=\"https:\/\/www.vocsbox.ch\/wp-content\/uploads\/2006\/12\/Plakat_Weihnachtsoratorium-212x300.jpg\" class=\"pt-cv-thumbnail\" alt=\"\" srcset=\"https:\/\/www.vocsbox.ch\/wp-content\/uploads\/2006\/12\/Plakat_Weihnachtsoratorium-212x300.jpg 212w, https:\/\/www.vocsbox.ch\/wp-content\/uploads\/2006\/12\/Plakat_Weihnachtsoratorium-768x1085.jpg 768w, https:\/\/www.vocsbox.ch\/wp-content\/uploads\/2006\/12\/Plakat_Weihnachtsoratorium-725x1024.jpg 725w, https:\/\/www.vocsbox.ch\/wp-content\/uploads\/2006\/12\/Plakat_Weihnachtsoratorium-1200x1696.jpg 1200w, https:\/\/www.vocsbox.ch\/wp-content\/uploads\/2006\/12\/Plakat_Weihnachtsoratorium.jpg 1241w\" sizes=\"auto, (max-width: 212px) 85vw, 212px\" \/><\/a>\n<h3 class=\"pt-cv-title\"><a href=\"https:\/\/www.vocsbox.ch\/index.php\/2006\/12\/15\/weihnachtsoratorium\/\" class=\"_self\" target=\"_self\" >Weihnachtsoratorium<\/a><\/h3>\n<div class=\"pt-cv-meta-fields\"><span class=\"entry-date\"> <time datetime=\"2006-12-15T19:09:49+01:00\">15.12.2006<\/time><\/span><\/div><\/div><\/div>\n<div class=\"col-md-4 col-sm-6 col-xs-12 pt-cv-content-item pt-cv-1-col\" ><div class='pt-cv-ifield'><a href=\"https:\/\/www.vocsbox.ch\/index.php\/2006\/09\/23\/bagatellen-2006\/\" class=\"_self pt-cv-href-thumbnail pt-cv-thumb-default\" target=\"_self\" ><img loading=\"lazy\" decoding=\"async\" width=\"300\" height=\"212\" src=\"https:\/\/www.vocsbox.ch\/wp-content\/uploads\/2006\/09\/Bagatellen-300x212.jpg\" class=\"pt-cv-thumbnail\" alt=\"\" srcset=\"https:\/\/www.vocsbox.ch\/wp-content\/uploads\/2006\/09\/Bagatellen-300x212.jpg 300w, https:\/\/www.vocsbox.ch\/wp-content\/uploads\/2006\/09\/Bagatellen-768x543.jpg 768w, https:\/\/www.vocsbox.ch\/wp-content\/uploads\/2006\/09\/Bagatellen-1024x724.jpg 1024w, https:\/\/www.vocsbox.ch\/wp-content\/uploads\/2006\/09\/Bagatellen-1200x848.jpg 1200w, https:\/\/www.vocsbox.ch\/wp-content\/uploads\/2006\/09\/Bagatellen.jpg 1754w\" sizes=\"auto, (max-width: 300px) 85vw, 300px\" \/><\/a>\n<h3 class=\"pt-cv-title\"><a href=\"https:\/\/www.vocsbox.ch\/index.php\/2006\/09\/23\/bagatellen-2006\/\" class=\"_self\" target=\"_self\" >Bagatellen &#8211; 2006<\/a><\/h3>\n<div class=\"pt-cv-meta-fields\"><span class=\"entry-date\"> <time datetime=\"2006-09-23T18:30:34+02:00\">23.09.2006<\/time><\/span><\/div><\/div><\/div>\n<div class=\"col-md-4 col-sm-6 col-xs-12 pt-cv-content-item pt-cv-1-col\" ><div class='pt-cv-ifield'><a href=\"https:\/\/www.vocsbox.ch\/index.php\/2005\/03\/19\/passonskonzerte\/\" class=\"_self pt-cv-href-thumbnail pt-cv-thumb-default\" target=\"_self\" ><\/a>\n<h3 class=\"pt-cv-title\"><a href=\"https:\/\/www.vocsbox.ch\/index.php\/2005\/03\/19\/passonskonzerte\/\" class=\"_self\" target=\"_self\" >Passionskonzerte<\/a><\/h3>\n<div class=\"pt-cv-meta-fields\"><span class=\"entry-date\"> <time datetime=\"2005-03-19T18:27:34+01:00\">19.03.2005<\/time><\/span><span> \/ <\/span><span class=\"comments-link\"> <a href=\"https:\/\/www.vocsbox.ch\/index.php\/2005\/03\/19\/passonskonzerte\/#respond\">Keine Kommentare<span class=\"screen-reader-text\"> zu Passionskonzerte<\/span><\/a><\/span><\/div><\/div><\/div>\n<div class=\"col-md-4 col-sm-6 col-xs-12 pt-cv-content-item pt-cv-1-col\" ><div class='pt-cv-ifield'><a href=\"https:\/\/www.vocsbox.ch\/index.php\/2004\/09\/25\/hv-kantonsschulverein\/\" class=\"_self pt-cv-href-thumbnail pt-cv-thumb-default\" target=\"_self\" ><\/a>\n<h3 class=\"pt-cv-title\"><a href=\"https:\/\/www.vocsbox.ch\/index.php\/2004\/09\/25\/hv-kantonsschulverein\/\" class=\"_self\" target=\"_self\" >HV Kantonsschulverein<\/a><\/h3>\n<div class=\"pt-cv-meta-fields\"><span class=\"entry-date\"> <time datetime=\"2004-09-25T18:26:37+02:00\">25.09.2004<\/time><\/span><span> \/ <\/span><span class=\"comments-link\"> <a href=\"https:\/\/www.vocsbox.ch\/index.php\/2004\/09\/25\/hv-kantonsschulverein\/#respond\">Keine Kommentare<span class=\"screen-reader-text\"> zu HV Kantonsschulverein<\/span><\/a><\/span><\/div><\/div><\/div>\n<div class=\"col-md-4 col-sm-6 col-xs-12 pt-cv-content-item pt-cv-1-col\" ><div class='pt-cv-ifield'><a href=\"https:\/\/www.vocsbox.ch\/index.php\/2004\/05\/09\/gottesdienst-auftritte\/\" class=\"_self pt-cv-href-thumbnail pt-cv-thumb-default\" target=\"_self\" ><\/a>\n<h3 class=\"pt-cv-title\"><a href=\"https:\/\/www.vocsbox.ch\/index.php\/2004\/05\/09\/gottesdienst-auftritte\/\" class=\"_self\" target=\"_self\" >Gottesdienst-Begleitung<\/a><\/h3>\n<div class=\"pt-cv-meta-fields\"><span class=\"entry-date\"> <time datetime=\"2004-05-09T15:53:15+02:00\">09.05.2004<\/time><\/span><span> \/ <\/span><span class=\"comments-link\"> <a href=\"https:\/\/www.vocsbox.ch\/index.php\/2004\/05\/09\/gottesdienst-auftritte\/#respond\">Keine Kommentare<span class=\"screen-reader-text\"> zu Gottesdienst-Begleitung<\/span><\/a><\/span><\/div><\/div><\/div><\/div><\/div><\/div>\n\n\n\n<p><\/p>\n","protected":false},"excerpt":{"rendered":"<p>Wir planen alle 1.5 &#8211; 2 Jahre ein gr\u00f6sseres Jahreskonzert. Dazwischen erfreuen wir uns an kleineren Auftritten an verschiedenen Anl\u00e4ssen. Die folgende \u00dcbersicht zeigt die vergangenen Konzerte von Vocs Box:<\/p>\n","protected":false},"author":1,"featured_media":0,"parent":0,"menu_order":0,"comment_status":"closed","ping_status":"open","template":"","meta":{"footnotes":""},"class_list":["post-58","page","type-page","status-publish","hentry"],"_links":{"self":[{"href":"https:\/\/www.vocsbox.ch\/index.php\/wp-json\/wp\/v2\/pages\/58","targetHints":{"allow":["GET"]}}],"collection":[{"href":"https:\/\/www.vocsbox.ch\/index.php\/wp-json\/wp\/v2\/pages"}],"about":[{"href":"https:\/\/www.vocsbox.ch\/index.php\/wp-json\/wp\/v2\/types\/page"}],"author":[{"embeddable":true,"href":"https:\/\/www.vocsbox.ch\/index.php\/wp-json\/wp\/v2\/users\/1"}],"replies":[{"embeddable":true,"href":"https:\/\/www.vocsbox.ch\/index.php\/wp-json\/wp\/v2\/comments?post=58"}],"version-history":[{"count":5,"href":"https:\/\/www.vocsbox.ch\/index.php\/wp-json\/wp\/v2\/pages\/58\/revisions"}],"predecessor-version":[{"id":242,"href":"https:\/\/www.vocsbox.ch\/index.php\/wp-json\/wp\/v2\/pages\/58\/revisions\/242"}],"wp:attachment":[{"href":"https:\/\/www.vocsbox.ch\/index.php\/wp-json\/wp\/v2\/media?parent=58"}],"curies":[{"name":"wp","href":"https:\/\/api.w.org\/{rel}","templated":true}]}}