{"id":317,"date":"2022-06-29T09:46:11","date_gmt":"2022-06-29T07:46:11","guid":{"rendered":"https:\/\/www.vocsbox.ch\/?page_id=317"},"modified":"2025-02-01T10:27:33","modified_gmt":"2025-02-01T09:27:33","slug":"chorleitung","status":"publish","type":"page","link":"https:\/\/www.vocsbox.ch\/index.php\/chorleitung\/","title":{"rendered":"Chorleitung"},"content":{"rendered":"\n<h3 class=\"wp-block-heading\">Laurah Maddalena Kasemann<\/h3>\n\n\n<div class=\"wp-block-image\">\n<figure class=\"alignright size-full is-resized\"><img loading=\"lazy\" decoding=\"async\" width=\"1536\" height=\"2048\" src=\"https:\/\/www.vocsbox.ch\/wp-content\/uploads\/2024\/02\/6.jpg\" alt=\"\" class=\"wp-image-351\" style=\"width:288px;height:381px\" srcset=\"https:\/\/www.vocsbox.ch\/wp-content\/uploads\/2024\/02\/6.jpg 1536w, https:\/\/www.vocsbox.ch\/wp-content\/uploads\/2024\/02\/6-225x300.jpg 225w, https:\/\/www.vocsbox.ch\/wp-content\/uploads\/2024\/02\/6-768x1024.jpg 768w, https:\/\/www.vocsbox.ch\/wp-content\/uploads\/2024\/02\/6-1152x1536.jpg 1152w, https:\/\/www.vocsbox.ch\/wp-content\/uploads\/2024\/02\/6-1200x1600.jpg 1200w\" sizes=\"auto, (max-width: 709px) 85vw, (max-width: 909px) 67vw, (max-width: 1362px) 62vw, 840px\" \/><\/figure>\n<\/div>\n\n\n<p>Laurah Maddalena Kasemann ist am 26.09.2000 in Deutschland geboren und in \u00d6sterreich aufgewachsen. Bereits mit 13 Jahren begann sie das K\u00fcnstlerische Bassisstudiums am Landeskonservatorium Vorarlberg bei Benjamin Engeli und wechselte nach dessen Abschluss auf die Z\u00fcrcher Hochschule der K\u00fcnste zu Eckart Heiligers. Dort schloss sie 2023 ihren Bachelor mit Auszeichnung ab und studiert derzeit im Master (Hauptfach Klavier).&nbsp;Ab Herbst 2022 hat sie die Chorleitung unseres Chors &#171;Vocs Box&#187; \u00fcbernommen.<\/p>\n\n\n\n<p>Kasemann ist Preistr\u00e4gerin mehrerer Wettbewerbe, wo sie auch zus\u00e4tzliche Sonderpreise (beispielsweise den j\u00e4hrlich verliehenen Sonderpreis der Chopin-Gesellschaft) entgegennehmen durfte. Ihre musikalische T\u00e4tigkeit f\u00fchrte sie quer durch Europa, von \u00d6sterreich, Deutschland, Schweiz, \u00fcber Schweden, Gro\u00dfbritannien bis nach Rum\u00e4nien und Ungarn sowie nach Argentinien wo Sie als Solistin in der <em>Facultad de Derecho Buenos Aires<\/em> unter der Dirigentin Constanza Bongarr\u00e1 auftrat. Neben ihrer solistischen T\u00e4tigkeit (f\u00fcr die <em>Chopin-Gesellschaft<\/em>, <em>lange Nacht der Musik Friedrichshafen<\/em>, Solistin des Kammerorchesters <em>Camerata Musica Reno<\/em> u.a.) ist sie regelm\u00e4\u00dfig als Klavierduo aktiv. Gemeinsam konzertierten sie unter anderem auf dem European-Piano-Teachers-Association-Kongress 2019 in Wien und konnten ebenfalls mehrere Preise bei Wettbewerben entgegennehmen. So erhielten sie 2018 den 1. Platz beim Finale des Schweizer Jugendmusikwettbewerbs, bekamen die M\u00f6glichkeit, im Funkhaus des \u00d6sterreichischen Rundfunks zu spielen und erhielten die M\u00f6glichkeit zur Zusammenarbeit mit dem Schweizer Komponisten Fabian M\u00fcller. <\/p>\n\n\n<div class=\"wp-block-image\">\n<figure class=\"alignleft size-full is-resized\"><img loading=\"lazy\" decoding=\"async\" width=\"2560\" height=\"1707\" src=\"https:\/\/www.vocsbox.ch\/wp-content\/uploads\/2024\/02\/4-2-scaled.jpg\" alt=\"\" class=\"wp-image-354\" style=\"aspect-ratio:1.3333333333333333;width:319px;height:auto\" srcset=\"https:\/\/www.vocsbox.ch\/wp-content\/uploads\/2024\/02\/4-2-scaled.jpg 2560w, https:\/\/www.vocsbox.ch\/wp-content\/uploads\/2024\/02\/4-2-300x200.jpg 300w, https:\/\/www.vocsbox.ch\/wp-content\/uploads\/2024\/02\/4-2-1024x683.jpg 1024w, https:\/\/www.vocsbox.ch\/wp-content\/uploads\/2024\/02\/4-2-768x512.jpg 768w, https:\/\/www.vocsbox.ch\/wp-content\/uploads\/2024\/02\/4-2-1536x1024.jpg 1536w, https:\/\/www.vocsbox.ch\/wp-content\/uploads\/2024\/02\/4-2-2048x1365.jpg 2048w, https:\/\/www.vocsbox.ch\/wp-content\/uploads\/2024\/02\/4-2-1200x800.jpg 1200w\" sizes=\"auto, (max-width: 709px) 85vw, (max-width: 909px) 67vw, (max-width: 1362px) 62vw, 840px\" \/><\/figure>\n<\/div>\n\n\n<p>Die junge Pianistin nahm bereits zwei Mal an der <em>Internationalen Sommerakademie Sigi\u015fhoara<\/em> (Rum\u00e4nien), den <em>Internationalen Kammermusik und Meisterkurs Tagen Irdning<\/em>, der <em>Landesakademie Ochsenhausen<\/em> (Deutschland) sowie dem <em>Cresceodo Sommerinstitut<\/em> teil. Sie erhielt unter anderem Unterricht bei Florian Mitrea, Tobias Schabenberger, Anton Kernjak, Gerardo Vila, Urs Walker, Fabio Marano sowie Vladimir Lakatos und Anamaria Bodoky-Krause. Auch kammermusikalisch ist sie regelm\u00e4\u00dfig t\u00e4tig und gewann 2020 mit einem Klaviertrio die Audition des <em>Vorarlberger Landeskonservatoriums<\/em> f\u00fcr das <em>Festkonzert Junger Solisten<\/em> und erhielt somit die Berechtigung, als Solist mit dem Symphonieorchester des Konservatoriums aufzutreten. 2021 spielte Kasemann im Rahmen des Swiss Artist Circle als Teil eines eigens daf\u00fcr zusammengestellten Orchesters ein Konzert unter Kevin Griffiths. Auch ist sie festes Mitglied des \u00d6sterreichischen Orchesters <em>Camerata Musica Reno <\/em>sowie des Schweizer Sinfonieorchesters <em>Tifico <\/em>und ist immer wieder als Korrepetitorin engagiert, zuletzt f\u00fcr das <em>Musiktheater Vorarlberg<\/em> und den \u00f6sterreichischen Jugendmusikwettbewerb <em>Prima la musica<\/em>.<\/p>\n\n\n<div class=\"wp-block-image\">\n<figure class=\"alignright size-full is-resized\"><img loading=\"lazy\" decoding=\"async\" width=\"2560\" height=\"1920\" src=\"https:\/\/www.vocsbox.ch\/wp-content\/uploads\/2024\/02\/5-3-scaled.jpg\" alt=\"\" class=\"wp-image-357\" style=\"width:416px;height:auto\" srcset=\"https:\/\/www.vocsbox.ch\/wp-content\/uploads\/2024\/02\/5-3-scaled.jpg 2560w, https:\/\/www.vocsbox.ch\/wp-content\/uploads\/2024\/02\/5-3-300x225.jpg 300w, https:\/\/www.vocsbox.ch\/wp-content\/uploads\/2024\/02\/5-3-1024x768.jpg 1024w, https:\/\/www.vocsbox.ch\/wp-content\/uploads\/2024\/02\/5-3-768x576.jpg 768w, https:\/\/www.vocsbox.ch\/wp-content\/uploads\/2024\/02\/5-3-1536x1152.jpg 1536w, https:\/\/www.vocsbox.ch\/wp-content\/uploads\/2024\/02\/5-3-2048x1536.jpg 2048w, https:\/\/www.vocsbox.ch\/wp-content\/uploads\/2024\/02\/5-3-1200x900.jpg 1200w\" sizes=\"auto, (max-width: 709px) 85vw, (max-width: 909px) 67vw, (max-width: 1362px) 62vw, 840px\" \/><\/figure>\n<\/div>\n\n\n<p>2023 traf sie den <em>Bishop for the Arts of London<\/em>, um im Rahmen seiner Zeremonie in London zu spielen und mit ihm \u00fcber den Stellenwert sowie die Wichtigkeit der Musik f\u00fcr unsere Gesellschaft auszutauschen.<\/p>\n\n\n\n<p><\/p>\n","protected":false},"excerpt":{"rendered":"<p>Laurah Maddalena Kasemann Laurah Maddalena Kasemann ist am 26.09.2000 in Deutschland geboren und in \u00d6sterreich aufgewachsen. Bereits mit 13 Jahren begann sie das K\u00fcnstlerische Bassisstudiums am Landeskonservatorium Vorarlberg bei Benjamin Engeli und wechselte nach dessen Abschluss auf die Z\u00fcrcher Hochschule der K\u00fcnste zu Eckart Heiligers. Dort schloss sie 2023 ihren Bachelor mit Auszeichnung ab und &hellip; <a href=\"https:\/\/www.vocsbox.ch\/index.php\/chorleitung\/\" class=\"more-link\"><span class=\"screen-reader-text\">&#8220;Chorleitung&#8221; <\/span>weiterlesen<\/a><\/p>\n","protected":false},"author":1,"featured_media":0,"parent":0,"menu_order":0,"comment_status":"closed","ping_status":"closed","template":"","meta":{"footnotes":""},"class_list":["post-317","page","type-page","status-publish","hentry"],"_links":{"self":[{"href":"https:\/\/www.vocsbox.ch\/index.php\/wp-json\/wp\/v2\/pages\/317","targetHints":{"allow":["GET"]}}],"collection":[{"href":"https:\/\/www.vocsbox.ch\/index.php\/wp-json\/wp\/v2\/pages"}],"about":[{"href":"https:\/\/www.vocsbox.ch\/index.php\/wp-json\/wp\/v2\/types\/page"}],"author":[{"embeddable":true,"href":"https:\/\/www.vocsbox.ch\/index.php\/wp-json\/wp\/v2\/users\/1"}],"replies":[{"embeddable":true,"href":"https:\/\/www.vocsbox.ch\/index.php\/wp-json\/wp\/v2\/comments?post=317"}],"version-history":[{"count":4,"href":"https:\/\/www.vocsbox.ch\/index.php\/wp-json\/wp\/v2\/pages\/317\/revisions"}],"predecessor-version":[{"id":6760,"href":"https:\/\/www.vocsbox.ch\/index.php\/wp-json\/wp\/v2\/pages\/317\/revisions\/6760"}],"wp:attachment":[{"href":"https:\/\/www.vocsbox.ch\/index.php\/wp-json\/wp\/v2\/media?parent=317"}],"curies":[{"name":"wp","href":"https:\/\/api.w.org\/{rel}","templated":true}]}}