{"id":17,"date":"2019-04-22T06:56:47","date_gmt":"2019-04-22T06:56:47","guid":{"rendered":"http:\/\/www.vocsbox.ch\/wordpress\/?page_id=17"},"modified":"2025-05-28T06:17:44","modified_gmt":"2025-05-28T04:17:44","slug":"willkommen","status":"publish","type":"page","link":"https:\/\/www.vocsbox.ch\/","title":{"rendered":"Willkommen"},"content":{"rendered":"\n<figure class=\"wp-block-image size-full\"><img loading=\"lazy\" decoding=\"async\" width=\"2000\" height=\"1601\" src=\"https:\/\/www.vocsbox.ch\/wp-content\/uploads\/2023\/09\/vocsbox2023_klein.jpg\" alt=\"\" class=\"wp-image-340\" srcset=\"https:\/\/www.vocsbox.ch\/wp-content\/uploads\/2023\/09\/vocsbox2023_klein.jpg 2000w, https:\/\/www.vocsbox.ch\/wp-content\/uploads\/2023\/09\/vocsbox2023_klein-300x240.jpg 300w, https:\/\/www.vocsbox.ch\/wp-content\/uploads\/2023\/09\/vocsbox2023_klein-1024x820.jpg 1024w, https:\/\/www.vocsbox.ch\/wp-content\/uploads\/2023\/09\/vocsbox2023_klein-768x615.jpg 768w, https:\/\/www.vocsbox.ch\/wp-content\/uploads\/2023\/09\/vocsbox2023_klein-1536x1230.jpg 1536w, https:\/\/www.vocsbox.ch\/wp-content\/uploads\/2023\/09\/vocsbox2023_klein-1200x961.jpg 1200w\" sizes=\"auto, (max-width: 709px) 85vw, (max-width: 909px) 67vw, (max-width: 1362px) 62vw, 840px\" \/><\/figure>\n\n\n\n<p>Vocs Box ist ein Chor mit S\u00e4ngerinnen und S\u00e4ngern aus dem Sarganserland, die Freude an der Musik und dem gemeinsamen Singen haben. Unser Repertoire enth\u00e4lt sowohl geistliche Musik, als auch Klassik, Rock und Pop. Wie der Name Vocs Box sagt, wollen wir mit unserer Stimme (Vocal) ein breites Repertoire an St\u00fccken (eine Box voller Musik aller Richtungen) weitergeben. Neben unseren regelm\u00e4ssigen gr\u00f6sseren Konzerten freuen wir uns auch \u00fcber kleinere Auftritte, sei es bei Hochzeiten, Firmenanl\u00e4ssen, etc&#8230;<\/p>\n\n\n\n<h2 class=\"wp-block-heading\">Emotions &#8211; Save the date<\/h2>\n\n\n\n<figure class=\"wp-block-image size-large\"><a href=\"https:\/\/www.vocsbox.ch\/index.php\/2025\/05\/28\/emotions\/\"><img loading=\"lazy\" decoding=\"async\" width=\"1024\" height=\"319\" src=\"https:\/\/www.vocsbox.ch\/wp-content\/uploads\/2025\/05\/Emotions_Banner-1024x319.jpeg\" alt=\"\" class=\"wp-image-6767\" srcset=\"https:\/\/www.vocsbox.ch\/wp-content\/uploads\/2025\/05\/Emotions_Banner-1024x319.jpeg 1024w, https:\/\/www.vocsbox.ch\/wp-content\/uploads\/2025\/05\/Emotions_Banner-300x94.jpeg 300w, https:\/\/www.vocsbox.ch\/wp-content\/uploads\/2025\/05\/Emotions_Banner-768x240.jpeg 768w, https:\/\/www.vocsbox.ch\/wp-content\/uploads\/2025\/05\/Emotions_Banner-1536x479.jpeg 1536w, https:\/\/www.vocsbox.ch\/wp-content\/uploads\/2025\/05\/Emotions_Banner-2048x639.jpeg 2048w, https:\/\/www.vocsbox.ch\/wp-content\/uploads\/2025\/05\/Emotions_Banner-1200x374.jpeg 1200w\" sizes=\"auto, (max-width: 709px) 85vw, (max-width: 909px) 67vw, (max-width: 1362px) 62vw, 840px\" \/><\/a><\/figure>\n\n\n\n<h2 class=\"wp-block-heading\">Neu-Mitglieder<\/h2>\n\n\n\n<p>Du bist interessiert an unserem Chor? Du singst gerne und triffst dabei auch die T\u00f6ne? Dann musst Du unbedingt in einer Probe vorbeikommen. Du bist herzlich eingeladen reinzuschauen&#8230; F\u00fcr weitere Infos schreib uns eine Email:&nbsp;<a href=\"mailto:info@vocsbox.ch\">info@vocsbox.ch<\/a><\/p>\n\n\n\n<p>Herzlich Willkommen!<\/p>\n\n\n\n<h2 class=\"wp-block-heading\">Newsletter<\/h2>\n\n\n\n<p>Trag dich im Newsletter ein, um k\u00fcnftig \u00fcber bevorstehende Auftritte informiert zu werden.<\/p>\n\n\n<script>(function() {\n\twindow.mc4wp = window.mc4wp || {\n\t\tlisteners: [],\n\t\tforms: {\n\t\t\ton: function(evt, cb) {\n\t\t\t\twindow.mc4wp.listeners.push(\n\t\t\t\t\t{\n\t\t\t\t\t\tevent   : evt,\n\t\t\t\t\t\tcallback: cb\n\t\t\t\t\t}\n\t\t\t\t);\n\t\t\t}\n\t\t}\n\t}\n})();\n<\/script><!-- Mailchimp for WordPress v4.12.3 - https:\/\/wordpress.org\/plugins\/mailchimp-for-wp\/ --><form id=\"mc4wp-form-1\" class=\"mc4wp-form mc4wp-form-90\" method=\"post\" data-id=\"90\" data-name=\"Newsletter\" ><div class=\"mc4wp-form-fields\"><p>\r\n\t<label>Email Adresse: <\/label>\r\n\t<input type=\"email\" name=\"EMAIL\" placeholder=\"\" required \/>\r\n<\/p>\r\n<p>\r\n    <label>Vorname<\/label>\r\n    <input type=\"text\" name=\"FNAME\">\r\n<\/p>\r\n<p>\r\n    <label>Nachname<\/label>\r\n    <input type=\"text\" name=\"LNAME\">\r\n<\/p>\r\n\r\n<p>\r\n\t<input type=\"submit\" value=\"Abonnieren\" \/>\r\n<\/p><\/div><label style=\"display: none !important;\">Leave this field empty if you&#8217;re human: <input type=\"text\" name=\"_mc4wp_honeypot\" value=\"\" tabindex=\"-1\" autocomplete=\"off\" \/><\/label><input type=\"hidden\" name=\"_mc4wp_timestamp\" value=\"1778064180\" \/><input type=\"hidden\" name=\"_mc4wp_form_id\" value=\"90\" \/><input type=\"hidden\" name=\"_mc4wp_form_element_id\" value=\"mc4wp-form-1\" \/><div class=\"mc4wp-response\"><\/div><\/form><!-- \/ Mailchimp for WordPress Plugin -->","protected":false},"excerpt":{"rendered":"<p>Vocs Box ist ein Chor mit S\u00e4ngerinnen und S\u00e4ngern aus dem Sarganserland, die Freude an der Musik und dem gemeinsamen Singen haben. Unser Repertoire enth\u00e4lt sowohl geistliche Musik, als auch Klassik, Rock und Pop. Wie der Name Vocs Box sagt, wollen wir mit unserer Stimme (Vocal) ein breites Repertoire an St\u00fccken (eine Box voller Musik &hellip; <a href=\"https:\/\/www.vocsbox.ch\/\" class=\"more-link\"><span class=\"screen-reader-text\">&#8220;Willkommen&#8221; <\/span>weiterlesen<\/a><\/p>\n","protected":false},"author":1,"featured_media":0,"parent":0,"menu_order":0,"comment_status":"closed","ping_status":"open","template":"","meta":{"footnotes":""},"class_list":["post-17","page","type-page","status-publish","hentry"],"_links":{"self":[{"href":"https:\/\/www.vocsbox.ch\/index.php\/wp-json\/wp\/v2\/pages\/17","targetHints":{"allow":["GET"]}}],"collection":[{"href":"https:\/\/www.vocsbox.ch\/index.php\/wp-json\/wp\/v2\/pages"}],"about":[{"href":"https:\/\/www.vocsbox.ch\/index.php\/wp-json\/wp\/v2\/types\/page"}],"author":[{"embeddable":true,"href":"https:\/\/www.vocsbox.ch\/index.php\/wp-json\/wp\/v2\/users\/1"}],"replies":[{"embeddable":true,"href":"https:\/\/www.vocsbox.ch\/index.php\/wp-json\/wp\/v2\/comments?post=17"}],"version-history":[{"count":16,"href":"https:\/\/www.vocsbox.ch\/index.php\/wp-json\/wp\/v2\/pages\/17\/revisions"}],"predecessor-version":[{"id":6771,"href":"https:\/\/www.vocsbox.ch\/index.php\/wp-json\/wp\/v2\/pages\/17\/revisions\/6771"}],"wp:attachment":[{"href":"https:\/\/www.vocsbox.ch\/index.php\/wp-json\/wp\/v2\/media?parent=17"}],"curies":[{"name":"wp","href":"https:\/\/api.w.org\/{rel}","templated":true}]}}